{"id":1844,"date":"2024-07-24T13:45:37","date_gmt":"2024-07-24T11:45:37","guid":{"rendered":"https:\/\/aggerglamping.dk\/geschenkkarte\/"},"modified":"2024-08-21T09:00:54","modified_gmt":"2024-08-21T07:00:54","slug":"geschenkkarte","status":"publish","type":"page","link":"https:\/\/aggerglamping.dk\/de\/geschenkkarte\/","title":{"rendered":"Geschenkkarte"},"content":{"rendered":"\t\t<div data-elementor-type=\"wp-page\" data-elementor-id=\"1844\" class=\"elementor elementor-1844 elementor-1404\" data-elementor-post-type=\"page\">\n\t\t\t\t<div class=\"elementor-element elementor-element-3b1bb24 e-flex e-con-boxed e-con e-parent\" data-id=\"3b1bb24\" data-element_type=\"container\">\n\t\t\t\t\t<div class=\"e-con-inner\">\n\t\t\t\t<div class=\"elementor-element elementor-element-b085d68 elementor-widget elementor-widget-heading\" data-id=\"b085d68\" data-element_type=\"widget\" data-widget_type=\"heading.default\">\n\t\t\t\t<div class=\"elementor-widget-container\">\n\t\t\t\t\t<h1 class=\"elementor-heading-title elementor-size-default\">Geschenkkarte<\/h1>\t\t\t\t<\/div>\n\t\t\t\t<\/div>\n\t\t\t\t<div class=\"elementor-element elementor-element-5154399 elementor-widget__width-initial elementor-widget elementor-widget-text-editor\" data-id=\"5154399\" data-element_type=\"widget\" data-widget_type=\"text-editor.default\">\n\t\t\t\t<div class=\"elementor-widget-container\">\n\t\t\t\t\t\t\t\t\t<p>Kaufen Sie eine Geschenkkarte f\u00fcr einen Ihrer Lieben und schenken Sie ihm ein Erlebnis in unseren wundersch\u00f6nen Glamping-Zelten, wo er die N\u00e4he zur Natur von Thy erleben kann. Sie k\u00f6nnen Geschenkkarten f\u00fcr 1 oder 2 N\u00e4chte sowie in der Hoch- und Nebensaison kaufen. <\/p>\n\t\t\t\t\t\t\t\t<\/div>\n\t\t\t\t<\/div>\n\t\t\t\t\t<\/div>\n\t\t\t\t<\/div>\n\t\t<div class=\"elementor-element elementor-element-6ed8dba e-flex e-con-boxed e-con e-parent\" data-id=\"6ed8dba\" data-element_type=\"container\">\n\t\t\t\t\t<div class=\"e-con-inner\">\n\t\t\t\t<div class=\"elementor-element elementor-element-5d37bb5 elementor-widget-divider--view-line elementor-widget elementor-widget-divider\" data-id=\"5d37bb5\" data-element_type=\"widget\" data-widget_type=\"divider.default\">\n\t\t\t\t<div class=\"elementor-widget-container\">\n\t\t\t\t\t\t\t<div class=\"elementor-divider\">\n\t\t\t<span class=\"elementor-divider-separator\">\n\t\t\t\t\t\t<\/span>\n\t\t<\/div>\n\t\t\t\t\t\t<\/div>\n\t\t\t\t<\/div>\n\t\t\t\t<div class=\"elementor-element elementor-element-587349d elementor-widget elementor-widget-heading\" data-id=\"587349d\" data-element_type=\"widget\" data-widget_type=\"heading.default\">\n\t\t\t\t<div class=\"elementor-widget-container\">\n\t\t\t\t\t<h2 class=\"elementor-heading-title elementor-size-default\">Nebensaison<\/h2>\t\t\t\t<\/div>\n\t\t\t\t<\/div>\n\t\t\t\t<div class=\"elementor-element elementor-element-0dc2654 elementor-widget__width-initial elementor-widget elementor-widget-text-editor\" data-id=\"0dc2654\" data-element_type=\"widget\" data-widget_type=\"text-editor.default\">\n\t\t\t\t<div class=\"elementor-widget-container\">\n\t\t\t\t\t\t\t\t\t<p><span style=\"color: #2c4c40;\">1. maj &#8211; 14. juni | 2. september &#8211; 10. oktober<\/span><\/p>\n\t\t\t\t\t\t\t\t<\/div>\n\t\t\t\t<\/div>\n\t\t\t\t\t<\/div>\n\t\t\t\t<\/div>\n\t\t<div class=\"elementor-element elementor-element-37f5872 e-flex e-con-boxed e-con e-parent\" data-id=\"37f5872\" data-element_type=\"container\">\n\t\t\t\t\t<div class=\"e-con-inner\">\n\t\t<div class=\"elementor-element elementor-element-b450cd4 e-con-full e-flex e-con e-child\" data-id=\"b450cd4\" data-element_type=\"container\">\n\t\t<div class=\"elementor-element elementor-element-c29ade2 e-con-full e-flex e-con e-child\" data-id=\"c29ade2\" data-element_type=\"container\">\n\t\t\t\t<div class=\"elementor-element elementor-element-445b893 elementor-widget elementor-widget-image\" data-id=\"445b893\" data-element_type=\"widget\" data-widget_type=\"image.default\">\n\t\t\t\t<div class=\"elementor-widget-container\">\n\t\t\t\t\t\t\t\t\t\t\t\t\t\t\t\t<a href=\"https:\/\/aggerglamping.dk\/vare\/gavekort\/\">\n\t\t\t\t\t\t\t<img fetchpriority=\"high\" decoding=\"async\" width=\"800\" height=\"590\" src=\"https:\/\/aggerglamping.dk\/wp-content\/uploads\/2024\/07\/ag-gavekort-1250.png\" class=\"attachment-full size-full wp-image-1923\" alt=\"\" srcset=\"https:\/\/aggerglamping.dk\/wp-content\/uploads\/2024\/07\/ag-gavekort-1250.png 800w, https:\/\/aggerglamping.dk\/wp-content\/uploads\/2024\/07\/ag-gavekort-1250-300x221.png 300w, https:\/\/aggerglamping.dk\/wp-content\/uploads\/2024\/07\/ag-gavekort-1250-768x566.png 768w, https:\/\/aggerglamping.dk\/wp-content\/uploads\/2024\/07\/ag-gavekort-1250-600x443.png 600w\" sizes=\"(max-width: 800px) 100vw, 800px\" \/>\t\t\t\t\t\t\t\t<\/a>\n\t\t\t\t\t\t\t\t\t\t\t\t\t\t\t<\/div>\n\t\t\t\t<\/div>\n\t\t\t\t<\/div>\n\t\t<div class=\"elementor-element elementor-element-6a012ed e-con-full e-flex e-con e-child\" data-id=\"6a012ed\" data-element_type=\"container\">\n\t\t\t\t<div class=\"elementor-element elementor-element-fb95608 elementor-widget elementor-widget-image\" data-id=\"fb95608\" data-element_type=\"widget\" data-widget_type=\"image.default\">\n\t\t\t\t<div class=\"elementor-widget-container\">\n\t\t\t\t\t\t\t\t\t\t\t\t\t\t\t\t<a href=\"https:\/\/aggerglamping.dk\/vare\/gavekort-2245\/\">\n\t\t\t\t\t\t\t<img decoding=\"async\" width=\"800\" height=\"590\" src=\"https:\/\/aggerglamping.dk\/wp-content\/uploads\/2024\/07\/ag-gavekort-2495.png\" class=\"attachment-full size-full wp-image-1925\" alt=\"\" srcset=\"https:\/\/aggerglamping.dk\/wp-content\/uploads\/2024\/07\/ag-gavekort-2495.png 800w, https:\/\/aggerglamping.dk\/wp-content\/uploads\/2024\/07\/ag-gavekort-2495-300x221.png 300w, https:\/\/aggerglamping.dk\/wp-content\/uploads\/2024\/07\/ag-gavekort-2495-768x566.png 768w, https:\/\/aggerglamping.dk\/wp-content\/uploads\/2024\/07\/ag-gavekort-2495-600x443.png 600w\" sizes=\"(max-width: 800px) 100vw, 800px\" \/>\t\t\t\t\t\t\t\t<\/a>\n\t\t\t\t\t\t\t\t\t\t\t\t\t\t\t<\/div>\n\t\t\t\t<\/div>\n\t\t\t\t<\/div>\n\t\t\t\t<\/div>\n\t\t\t\t\t<\/div>\n\t\t\t\t<\/div>\n\t\t<div class=\"elementor-element elementor-element-99d0f03 e-flex e-con-boxed e-con e-parent\" data-id=\"99d0f03\" data-element_type=\"container\">\n\t\t\t\t\t<div class=\"e-con-inner\">\n\t\t\t\t<div class=\"elementor-element elementor-element-dd62cab elementor-widget-divider--view-line elementor-widget elementor-widget-divider\" data-id=\"dd62cab\" data-element_type=\"widget\" data-widget_type=\"divider.default\">\n\t\t\t\t<div class=\"elementor-widget-container\">\n\t\t\t\t\t\t\t<div class=\"elementor-divider\">\n\t\t\t<span class=\"elementor-divider-separator\">\n\t\t\t\t\t\t<\/span>\n\t\t<\/div>\n\t\t\t\t\t\t<\/div>\n\t\t\t\t<\/div>\n\t\t\t\t<div class=\"elementor-element elementor-element-db4e7d3 elementor-widget elementor-widget-heading\" data-id=\"db4e7d3\" data-element_type=\"widget\" data-widget_type=\"heading.default\">\n\t\t\t\t<div class=\"elementor-widget-container\">\n\t\t\t\t\t<h2 class=\"elementor-heading-title elementor-size-default\">Hochsaison<\/h2>\t\t\t\t<\/div>\n\t\t\t\t<\/div>\n\t\t\t\t<div class=\"elementor-element elementor-element-55716aa elementor-widget__width-initial elementor-widget elementor-widget-text-editor\" data-id=\"55716aa\" data-element_type=\"widget\" data-widget_type=\"text-editor.default\">\n\t\t\t\t<div class=\"elementor-widget-container\">\n\t\t\t\t\t\t\t\t\t<p><span style=\"color: #2c4c40;\">15. juni &#8211; 1. september<\/span><\/p>\n\t\t\t\t\t\t\t\t<\/div>\n\t\t\t\t<\/div>\n\t\t\t\t\t<\/div>\n\t\t\t\t<\/div>\n\t\t<div class=\"elementor-element elementor-element-28fe6a7 e-flex e-con-boxed e-con e-parent\" data-id=\"28fe6a7\" data-element_type=\"container\">\n\t\t\t\t\t<div class=\"e-con-inner\">\n\t\t<div class=\"elementor-element elementor-element-e176413 e-con-full e-flex e-con e-child\" data-id=\"e176413\" data-element_type=\"container\">\n\t\t<div class=\"elementor-element elementor-element-25f14bd e-con-full e-flex e-con e-child\" data-id=\"25f14bd\" data-element_type=\"container\">\n\t\t\t\t<div class=\"elementor-element elementor-element-9ac49eb elementor-widget elementor-widget-image\" data-id=\"9ac49eb\" data-element_type=\"widget\" data-widget_type=\"image.default\">\n\t\t\t\t<div class=\"elementor-widget-container\">\n\t\t\t\t\t\t\t\t\t\t\t\t\t\t\t\t<a href=\"https:\/\/aggerglamping.dk\/vare\/gavekort-1500\/\">\n\t\t\t\t\t\t\t<img decoding=\"async\" width=\"800\" height=\"590\" src=\"https:\/\/aggerglamping.dk\/wp-content\/uploads\/2024\/07\/ag-gavekort-1500.png\" class=\"attachment-full size-full wp-image-1924\" alt=\"\" srcset=\"https:\/\/aggerglamping.dk\/wp-content\/uploads\/2024\/07\/ag-gavekort-1500.png 800w, https:\/\/aggerglamping.dk\/wp-content\/uploads\/2024\/07\/ag-gavekort-1500-300x221.png 300w, https:\/\/aggerglamping.dk\/wp-content\/uploads\/2024\/07\/ag-gavekort-1500-768x566.png 768w, https:\/\/aggerglamping.dk\/wp-content\/uploads\/2024\/07\/ag-gavekort-1500-600x443.png 600w\" sizes=\"(max-width: 800px) 100vw, 800px\" \/>\t\t\t\t\t\t\t\t<\/a>\n\t\t\t\t\t\t\t\t\t\t\t\t\t\t\t<\/div>\n\t\t\t\t<\/div>\n\t\t\t\t<\/div>\n\t\t<div class=\"elementor-element elementor-element-05b9dd7 e-con-full e-flex e-con e-child\" data-id=\"05b9dd7\" data-element_type=\"container\">\n\t\t\t\t<div class=\"elementor-element elementor-element-66af8bf elementor-widget elementor-widget-image\" data-id=\"66af8bf\" data-element_type=\"widget\" data-widget_type=\"image.default\">\n\t\t\t\t<div class=\"elementor-widget-container\">\n\t\t\t\t\t\t\t\t\t\t\t\t\t\t\t\t<a href=\"https:\/\/aggerglamping.dk\/vare\/gavekort-2700\/\">\n\t\t\t\t\t\t\t<img loading=\"lazy\" decoding=\"async\" width=\"800\" height=\"590\" src=\"https:\/\/aggerglamping.dk\/wp-content\/uploads\/2024\/07\/ag-gavekort-2700.png\" class=\"attachment-full size-full wp-image-1926\" alt=\"\" srcset=\"https:\/\/aggerglamping.dk\/wp-content\/uploads\/2024\/07\/ag-gavekort-2700.png 800w, https:\/\/aggerglamping.dk\/wp-content\/uploads\/2024\/07\/ag-gavekort-2700-300x221.png 300w, https:\/\/aggerglamping.dk\/wp-content\/uploads\/2024\/07\/ag-gavekort-2700-768x566.png 768w, https:\/\/aggerglamping.dk\/wp-content\/uploads\/2024\/07\/ag-gavekort-2700-600x443.png 600w\" sizes=\"(max-width: 800px) 100vw, 800px\" \/>\t\t\t\t\t\t\t\t<\/a>\n\t\t\t\t\t\t\t\t\t\t\t\t\t\t\t<\/div>\n\t\t\t\t<\/div>\n\t\t\t\t<\/div>\n\t\t\t\t<\/div>\n\t\t\t\t\t<\/div>\n\t\t\t\t<\/div>\n\t\t\t\t<\/div>\n\t\t","protected":false},"excerpt":{"rendered":"<p>Geschenkkarte Kaufen Sie eine Geschenkkarte f\u00fcr einen Ihrer Lieben und schenken Sie ihm ein Erlebnis in unseren wundersch\u00f6nen Glamping-Zelten, wo er die N\u00e4he zur Natur von Thy erleben kann. Sie k\u00f6nnen Geschenkkarten f\u00fcr 1 oder 2 N\u00e4chte sowie in der Hoch- und Nebensaison kaufen. Nebensaison 1. maj &#8211; 14. juni | 2. september &#8211; 10. [&hellip;]<\/p>\n","protected":false},"author":1,"featured_media":0,"parent":0,"menu_order":0,"comment_status":"closed","ping_status":"closed","template":"","meta":{"_acf_changed":false,"footnotes":""},"class_list":["post-1844","page","type-page","status-publish","hentry"],"acf":[],"yoast_head":"<!-- This site is optimized with the Yoast SEO plugin v25.7 - https:\/\/yoast.com\/wordpress\/plugins\/seo\/ -->\n<title>Geschenkkarte | aggerglamping.dk<\/title>\n<meta name=\"robots\" content=\"index, follow, max-snippet:-1, max-image-preview:large, max-video-preview:-1\" \/>\n<link rel=\"canonical\" href=\"https:\/\/aggerglamping.dk\/gavekort\/\" \/>\n<meta property=\"og:locale\" content=\"de_DE\" \/>\n<meta property=\"og:type\" content=\"article\" \/>\n<meta property=\"og:title\" content=\"Geschenkkarte | aggerglamping.dk\" \/>\n<meta property=\"og:description\" content=\"Geschenkkarte Kaufen Sie eine Geschenkkarte f\u00fcr einen Ihrer Lieben und schenken Sie ihm ein Erlebnis in unseren wundersch\u00f6nen Glamping-Zelten, wo er die N\u00e4he zur Natur von Thy erleben kann. Sie k\u00f6nnen Geschenkkarten f\u00fcr 1 oder 2 N\u00e4chte sowie in der Hoch- und Nebensaison kaufen. Nebensaison 1. maj &#8211; 14. juni | 2. september &#8211; 10. [&hellip;]\" \/>\n<meta property=\"og:url\" content=\"https:\/\/aggerglamping.dk\/gavekort\/\" \/>\n<meta property=\"og:site_name\" content=\"aggerglamping.dk\" \/>\n<meta property=\"article:modified_time\" content=\"2024-08-21T07:00:54+00:00\" \/>\n<meta property=\"og:image\" content=\"https:\/\/aggerglamping.dk\/wp-content\/uploads\/2024\/07\/ag-gavekort-1250.png\" \/>\n<meta name=\"twitter:card\" content=\"summary_large_image\" \/>\n<script type=\"application\/ld+json\" class=\"yoast-schema-graph\">{\"@context\":\"https:\/\/schema.org\",\"@graph\":[{\"@type\":\"WebPage\",\"@id\":\"https:\/\/aggerglamping.dk\/gavekort\/\",\"url\":\"https:\/\/aggerglamping.dk\/gavekort\/\",\"name\":\"Geschenkkarte | aggerglamping.dk\",\"isPartOf\":{\"@id\":\"https:\/\/aggerglamping.dk\/#website\"},\"primaryImageOfPage\":{\"@id\":\"https:\/\/aggerglamping.dk\/gavekort\/#primaryimage\"},\"image\":{\"@id\":\"https:\/\/aggerglamping.dk\/gavekort\/#primaryimage\"},\"thumbnailUrl\":\"https:\/\/aggerglamping.dk\/wp-content\/uploads\/2024\/07\/ag-gavekort-1250.png\",\"datePublished\":\"2024-07-24T11:45:37+00:00\",\"dateModified\":\"2024-08-21T07:00:54+00:00\",\"breadcrumb\":{\"@id\":\"https:\/\/aggerglamping.dk\/gavekort\/#breadcrumb\"},\"inLanguage\":\"de\",\"potentialAction\":[{\"@type\":\"ReadAction\",\"target\":[\"https:\/\/aggerglamping.dk\/gavekort\/\"]}]},{\"@type\":\"ImageObject\",\"inLanguage\":\"de\",\"@id\":\"https:\/\/aggerglamping.dk\/gavekort\/#primaryimage\",\"url\":\"https:\/\/aggerglamping.dk\/wp-content\/uploads\/2024\/07\/ag-gavekort-1250.png\",\"contentUrl\":\"https:\/\/aggerglamping.dk\/wp-content\/uploads\/2024\/07\/ag-gavekort-1250.png\"},{\"@type\":\"BreadcrumbList\",\"@id\":\"https:\/\/aggerglamping.dk\/gavekort\/#breadcrumb\",\"itemListElement\":[{\"@type\":\"ListItem\",\"position\":1,\"name\":\"Hjem\",\"item\":\"https:\/\/aggerglamping.dk\/de\/front\/\"},{\"@type\":\"ListItem\",\"position\":2,\"name\":\"Geschenkkarte\"}]},{\"@type\":\"WebSite\",\"@id\":\"https:\/\/aggerglamping.dk\/#website\",\"url\":\"https:\/\/aggerglamping.dk\/\",\"name\":\"aggerglamping.dk\",\"description\":\"Agger Glamping\",\"publisher\":{\"@id\":\"https:\/\/aggerglamping.dk\/#organization\"},\"potentialAction\":[{\"@type\":\"SearchAction\",\"target\":{\"@type\":\"EntryPoint\",\"urlTemplate\":\"https:\/\/aggerglamping.dk\/?s={search_term_string}\"},\"query-input\":{\"@type\":\"PropertyValueSpecification\",\"valueRequired\":true,\"valueName\":\"search_term_string\"}}],\"inLanguage\":\"de\"},{\"@type\":\"Organization\",\"@id\":\"https:\/\/aggerglamping.dk\/#organization\",\"name\":\"aggerglamping.dk\",\"url\":\"https:\/\/aggerglamping.dk\/\",\"logo\":{\"@type\":\"ImageObject\",\"inLanguage\":\"de\",\"@id\":\"https:\/\/aggerglamping.dk\/#\/schema\/logo\/image\/\",\"url\":\"https:\/\/aggerglamping.dk\/wp-content\/uploads\/2024\/01\/agger-glamping-logo.png\",\"contentUrl\":\"https:\/\/aggerglamping.dk\/wp-content\/uploads\/2024\/01\/agger-glamping-logo.png\",\"width\":1340,\"height\":400,\"caption\":\"aggerglamping.dk\"},\"image\":{\"@id\":\"https:\/\/aggerglamping.dk\/#\/schema\/logo\/image\/\"}}]}<\/script>\n<!-- \/ Yoast SEO plugin. -->","yoast_head_json":{"title":"Geschenkkarte | aggerglamping.dk","robots":{"index":"index","follow":"follow","max-snippet":"max-snippet:-1","max-image-preview":"max-image-preview:large","max-video-preview":"max-video-preview:-1"},"canonical":"https:\/\/aggerglamping.dk\/gavekort\/","og_locale":"de_DE","og_type":"article","og_title":"Geschenkkarte | aggerglamping.dk","og_description":"Geschenkkarte Kaufen Sie eine Geschenkkarte f\u00fcr einen Ihrer Lieben und schenken Sie ihm ein Erlebnis in unseren wundersch\u00f6nen Glamping-Zelten, wo er die N\u00e4he zur Natur von Thy erleben kann. Sie k\u00f6nnen Geschenkkarten f\u00fcr 1 oder 2 N\u00e4chte sowie in der Hoch- und Nebensaison kaufen. Nebensaison 1. maj &#8211; 14. juni | 2. september &#8211; 10. [&hellip;]","og_url":"https:\/\/aggerglamping.dk\/gavekort\/","og_site_name":"aggerglamping.dk","article_modified_time":"2024-08-21T07:00:54+00:00","og_image":[{"url":"https:\/\/aggerglamping.dk\/wp-content\/uploads\/2024\/07\/ag-gavekort-1250.png","type":"","width":"","height":""}],"twitter_card":"summary_large_image","schema":{"@context":"https:\/\/schema.org","@graph":[{"@type":"WebPage","@id":"https:\/\/aggerglamping.dk\/gavekort\/","url":"https:\/\/aggerglamping.dk\/gavekort\/","name":"Geschenkkarte | aggerglamping.dk","isPartOf":{"@id":"https:\/\/aggerglamping.dk\/#website"},"primaryImageOfPage":{"@id":"https:\/\/aggerglamping.dk\/gavekort\/#primaryimage"},"image":{"@id":"https:\/\/aggerglamping.dk\/gavekort\/#primaryimage"},"thumbnailUrl":"https:\/\/aggerglamping.dk\/wp-content\/uploads\/2024\/07\/ag-gavekort-1250.png","datePublished":"2024-07-24T11:45:37+00:00","dateModified":"2024-08-21T07:00:54+00:00","breadcrumb":{"@id":"https:\/\/aggerglamping.dk\/gavekort\/#breadcrumb"},"inLanguage":"de","potentialAction":[{"@type":"ReadAction","target":["https:\/\/aggerglamping.dk\/gavekort\/"]}]},{"@type":"ImageObject","inLanguage":"de","@id":"https:\/\/aggerglamping.dk\/gavekort\/#primaryimage","url":"https:\/\/aggerglamping.dk\/wp-content\/uploads\/2024\/07\/ag-gavekort-1250.png","contentUrl":"https:\/\/aggerglamping.dk\/wp-content\/uploads\/2024\/07\/ag-gavekort-1250.png"},{"@type":"BreadcrumbList","@id":"https:\/\/aggerglamping.dk\/gavekort\/#breadcrumb","itemListElement":[{"@type":"ListItem","position":1,"name":"Hjem","item":"https:\/\/aggerglamping.dk\/de\/front\/"},{"@type":"ListItem","position":2,"name":"Geschenkkarte"}]},{"@type":"WebSite","@id":"https:\/\/aggerglamping.dk\/#website","url":"https:\/\/aggerglamping.dk\/","name":"aggerglamping.dk","description":"Agger Glamping","publisher":{"@id":"https:\/\/aggerglamping.dk\/#organization"},"potentialAction":[{"@type":"SearchAction","target":{"@type":"EntryPoint","urlTemplate":"https:\/\/aggerglamping.dk\/?s={search_term_string}"},"query-input":{"@type":"PropertyValueSpecification","valueRequired":true,"valueName":"search_term_string"}}],"inLanguage":"de"},{"@type":"Organization","@id":"https:\/\/aggerglamping.dk\/#organization","name":"aggerglamping.dk","url":"https:\/\/aggerglamping.dk\/","logo":{"@type":"ImageObject","inLanguage":"de","@id":"https:\/\/aggerglamping.dk\/#\/schema\/logo\/image\/","url":"https:\/\/aggerglamping.dk\/wp-content\/uploads\/2024\/01\/agger-glamping-logo.png","contentUrl":"https:\/\/aggerglamping.dk\/wp-content\/uploads\/2024\/01\/agger-glamping-logo.png","width":1340,"height":400,"caption":"aggerglamping.dk"},"image":{"@id":"https:\/\/aggerglamping.dk\/#\/schema\/logo\/image\/"}}]}},"_links":{"self":[{"href":"https:\/\/aggerglamping.dk\/de\/wp-json\/wp\/v2\/pages\/1844","targetHints":{"allow":["GET"]}}],"collection":[{"href":"https:\/\/aggerglamping.dk\/de\/wp-json\/wp\/v2\/pages"}],"about":[{"href":"https:\/\/aggerglamping.dk\/de\/wp-json\/wp\/v2\/types\/page"}],"author":[{"embeddable":true,"href":"https:\/\/aggerglamping.dk\/de\/wp-json\/wp\/v2\/users\/1"}],"replies":[{"embeddable":true,"href":"https:\/\/aggerglamping.dk\/de\/wp-json\/wp\/v2\/comments?post=1844"}],"version-history":[{"count":1,"href":"https:\/\/aggerglamping.dk\/de\/wp-json\/wp\/v2\/pages\/1844\/revisions"}],"predecessor-version":[{"id":1845,"href":"https:\/\/aggerglamping.dk\/de\/wp-json\/wp\/v2\/pages\/1844\/revisions\/1845"}],"wp:attachment":[{"href":"https:\/\/aggerglamping.dk\/de\/wp-json\/wp\/v2\/media?parent=1844"}],"curies":[{"name":"wp","href":"https:\/\/api.w.org\/{rel}","templated":true}]}}