{"id":1852,"date":"2024-06-11T14:25:56","date_gmt":"2024-06-11T12:25:56","guid":{"rendered":"https:\/\/aggerglamping.dk\/handelsbedingungen\/"},"modified":"2025-08-26T09:58:20","modified_gmt":"2025-08-26T07:58:20","slug":"handelsbedingungen","status":"publish","type":"page","link":"https:\/\/aggerglamping.dk\/de\/handelsbedingungen\/","title":{"rendered":"Handelsbedingungen"},"content":{"rendered":"\t\t<div data-elementor-type=\"wp-page\" data-elementor-id=\"1852\" class=\"elementor elementor-1852 elementor-814\" data-elementor-post-type=\"page\">\n\t\t\t\t<div class=\"elementor-element elementor-element-2cc9240 e-con-full e-flex e-con e-parent\" data-id=\"2cc9240\" data-element_type=\"container\">\n\t\t\t\t<div class=\"elementor-element elementor-element-97e56c6 elementor-widget elementor-widget-heading\" data-id=\"97e56c6\" data-element_type=\"widget\" data-widget_type=\"heading.default\">\n\t\t\t\t<div class=\"elementor-widget-container\">\n\t\t\t\t\t<h2 class=\"elementor-heading-title elementor-size-default\">Handelsbedingungen<\/h2>\t\t\t\t<\/div>\n\t\t\t\t<\/div>\n\t\t\t\t<div class=\"elementor-element elementor-element-6f9c56d elementor-widget elementor-widget-text-editor\" data-id=\"6f9c56d\" data-element_type=\"widget\" data-widget_type=\"text-editor.default\">\n\t\t\t\t<div class=\"elementor-widget-container\">\n\t\t\t\t\t\t\t\t\t<p>Diese allgemeinen Gesch\u00e4ftsbedingungen gelten f\u00fcr jeden Handel zwischen Agger Glamping und dem Gast. Jede Abweichung von diesen Bedingungen muss schriftlich zwischen den Parteien vereinbart werden. <\/p><h4>1. Reservierung und Auftragsbest\u00e4tigung<strong><br><\/strong><\/h4><p>Wenn Agger Glamping die Reservierung erhalten hat, sendet Agger Glamping so schnell wie m\u00f6glich eine Bestellbest\u00e4tigung an die angegebene E-Mail mit Informationen zur Bestellnummer, Namen und Adresse sowie einer \u00dcbersicht der Reservierung, einschlie\u00dflich Reservierungsnummer usw.<\/p><p>Ein endg\u00fcltiger Vertrag gilt als abgeschlossen, wenn Sie unsere Auftragsbest\u00e4tigung erhalten haben. Nur der Inhalt der Auftragsbest\u00e4tigung ist f\u00fcr Agger Glamping verbindlich. <\/p><p>Jede Reservierung auf der Website gilt lediglich als Aufforderung zur Abgabe eines Angebots. Ein endg\u00fcltiger Buchungsvertrag kommt daher erst zustande, wenn Agger Glamping die Buchung angenommen hat. <\/p><p>Agger Glamping beh\u00e4lt sich das Recht auf etwaige Fehler bei Preisen, verf\u00fcgbaren Zimmern und \u00e4hnlichem Ausschreibungsmaterial auf der Website vor.<\/p><p>Bei der Online-Buchung eines Zimmers muss der Gast die erforderlichen pers\u00f6nlichen Daten angeben, die von den Beh\u00f6rden verlangt werden und die Agger Glamping ben\u00f6tigt, um die Person oder Personen zu registrieren, die im Hotel \u00fcbernachten werden.<\/p><p>Alle G\u00e4ste m\u00fcssen ihren vollst\u00e4ndigen Namen, ihre Adresse und ihre Telefonnummer angeben. Bei der Ankunft muss der Gast einen g\u00fcltigen Ausweis vorlegen und die Angaben durch seine Unterschrift best\u00e4tigen.<br>Die Verarbeitung personenbezogener Daten erfolgt in \u00dcbereinstimmung mit der geltenden Gesetzgebung und in \u00dcbereinstimmung mit Abschnitt 8. <\/p><h4>2. Preise<\/h4><p>Alle auf der Website angegebenen Preise verstehen sich inklusive Mehrwertsteuer und in d\u00e4nischen Kronen, sofern nicht anders angegeben.<br>Der Gesamtpreis, der in der Auftragsbest\u00e4tigung erscheint und vor der Reservierung auf der Website angegeben wird, beinhaltet die Mehrwertsteuer, Geb\u00fchren und etwaige andere Kosten.<\/p><h4>3. Zahlungsbedingungen<\/h4><p>Die Bezahlung der Auftragsbest\u00e4tigung erfolgt bei Ankunft bei Agger Glamping.<\/p><p>Wir akzeptieren folgende Zahlungsmittel: Dankort, MasterCard, Maestro, Visa.<\/p><h4>4. An- und Abreise<\/h4><p>Sofern nicht anders vereinbart, steht das Zimmer von 12.00 Uhr am Tag der Ankunft bis 10.00 Uhr am Tag der Abreise zur Verf\u00fcgung. Wenn die Abreisezeit nicht eingehalten wird, beh\u00e4lt sich Agger Glamping das Recht vor, eine zus\u00e4tzliche Nacht in Rechnung zu stellen. <\/p><p>Eine Nutzung des Zimmers \u00fcber die angegebene An-\/Abreisezeit hinaus kann gegen gesonderte Zahlung vereinbart werden.<\/p><h4>5. Widerrufsrecht<\/h4><p>Es wird ausdr\u00fccklich darauf hingewiesen, dass es bei der Buchung von Hotelzimmern oder \u00e4hnlichen Dienstleistungen kein gesetzliches Widerrufsrecht gibt. Reservierungen k\u00f6nnen nicht storniert werden, und es wird auf die nachstehenden Stornierungsbedingungen verwiesen. <\/p><h4>6. Stornierung und Nichterscheinen<\/h4><p>Stornierungen k\u00f6nnen bis sp\u00e4testens 5 Tage vor der Ankunft schriftlich beim Hotel eingereicht werden. Bei rechtzeitiger Stornierung wird die Reservierung storniert. <\/p><p>Bei Nichterscheinen des Gastes ohne g\u00fcltige Stornierung werden 100 % des best\u00e4tigten Preises inkl. MwSt. bezahlt. MwSt<\/p><p>F\u00fcr Aufenthalte mit dem Vermerk \u201enicht erstattungsf\u00e4hig\u201c gilt eine verbindliche Anmeldung und es besteht keine Stornierungsm\u00f6glichkeit.<\/p><h4>7. Reservierungen \u00e4ndern<\/h4><p>Sollte es erforderlich sein, eine Reservierung zu \u00e4ndern, kann Agger Glamping unter der <strong>Telefonnummer 50 12 12 12<\/strong> oder per <strong>E-Mail <\/strong>kontaktiert werden Senden Sie eine E-Mail an <strong>mail@aggerglamping.dk<\/strong>, um mehr \u00fcber diese M\u00f6glichkeit zu erfahren.<\/p><h4>8. Pers\u00f6nliche Informationen<\/h4><p>Bei der Nutzung unserer Website hinterl\u00e4sst der Gast pers\u00f6nliche Informationen. Der Gast kann sich mit Agger Glamping in Verbindung setzen, wenn er Auskunft dar\u00fcber haben m\u00f6chte, welche Daten \u00fcber ihn registriert sind, oder wenn Informationen gel\u00f6scht oder korrigiert werden sollen.<br>Die Informationen werden f\u00fcr Marketingzwecke gesammelt, einschlie\u00dflich des Versands von elektronischen Newslettern usw. \u00fcber unsere Dienstleistungen und unser Unternehmen. <\/p><p>Wir verwenden die Daten nur dann f\u00fcr Marketingzwecke, einschlie\u00dflich des Versands von Newslettern, wenn der Gast zuvor ausdr\u00fccklich seine Zustimmung erteilt hat. Der Gast kann sich jederzeit von Newslettern usw. abmelden, wenn er diese in Zukunft nicht mehr erhalten m\u00f6chte. <\/p><p>Dar\u00fcber hinaus werden die Informationen \u00fcber den Gast &#8211; Name, Adresse, E-Mail usw. &#8211; nur verwendet, um die Bestellung des Gastes zu erf\u00fcllen und den Gast zu informieren, falls unvorhergesehene Probleme mit der Lieferung auftreten sollten. Agger Glamping wird die Daten des Gastes unter keinen Umst\u00e4nden an Dritte weitergeben, es sei denn, der Gast hat dem ausdr\u00fccklich zugestimmt. <\/p><p>Die Informationen \u00fcber die Bestellung des Gastes und alle anderen K\u00e4uferinformationen werden in \u00dcbereinstimmung mit der geltenden Gesetzgebung gespeichert. Die Speicherung erfolgt unter anderem, um eine ordnungsgem\u00e4\u00dfe Bearbeitung von Beschwerden zu gew\u00e4hrleisten. <\/p><p>Der Gast hat das Recht, Einblick in die Informationen zu erhalten, die Agger Glamping \u00fcber den Gast registriert hat, sowie Einw\u00e4nde gegen die Registrierung zu erheben.<br>Wenn der Gast die \u00c4nderung oder L\u00f6schung seiner pers\u00f6nlichen Daten w\u00fcnscht oder keine weiteren Informationen von Agger Glamping erhalten m\u00f6chte, sollte er sich an mail@aggerglamping.dk wenden<\/p><p>Weitere Informationen finden Sie in unserer <strong><a href=\"https:\/\/aggerglamping.dk\/de\/datenschutzrichtlinie\/\">Datenschutzerkl\u00e4rung <\/a><\/strong>und unserer <strong><a href=\"https:\/\/aggerglamping.dk\/de\/cookie-richtlinie-eu\/\">Cookie-Richtlinie<\/a><\/strong>.<\/p><h4>9. Haftungsausschluss (h\u00f6here Gewalt)<\/h4><p>Agger Glamping haftet nicht f\u00fcr die Nichterf\u00fcllung, wenn nachgewiesen wird, dass die Nichterf\u00fcllung auf Krieg, Aufruhr, Unruhen, staatliche Intervention, Blockade, Intervention lokaler Beh\u00f6rden, Beschlagnahme, Feuer, Naturkatastrophen, Streik, Aussperrung, Export zur\u00fcckzuf\u00fchren ist oder Einfuhrverbot, Unterbrechungen des normalen Verkehrs oder andere Gr\u00fcnde, die au\u00dferhalb der Kontrolle von Agger Glamping liegen.<\/p><p>Liegt nach dem Ermessen von Agger Glamping ein Erf\u00fcllungshindernis der oben genannten Art vor, sind sowohl der Gast als auch Agger Glamping berechtigt, mit sofortiger Wirkung oder sp\u00e4ter von abgeschlossenen, nicht erf\u00fcllten Vertr\u00e4gen zur\u00fcckzutreten, ohne dass dies als Versto\u00df einer der Parteien gilt.<\/p><h4>10. Gerichtsstand und Rechtswahl<\/h4><p>Alle Streitigkeiten zwischen Agger Glamping und dem Gast m\u00fcssen nach d\u00e4nischem Recht am Heimatgericht von Agger Glamping beigelegt werden, sofern sie nicht gegen zwingende gesetzliche Vorschriften versto\u00dfen.<br>Sollte ein Gericht eine Bestimmung dieser Gesch\u00e4ftsbedingungen f\u00fcr ung\u00fcltig erkl\u00e4ren, bleiben die \u00fcbrigen Bestimmungen davon unber\u00fchrt.<\/p><h4>11. Kontaktinformationen<\/h4><p>Fragen und Anliegen k\u00f6nnen an folgende Adresse gerichtet werden:<\/p><p>Agger Glamping<strong><br><\/strong>West-Point Holding ApS<strong><br><\/strong>CVR-nr.: 21304905<strong><br><\/strong>Havnevej 12<strong><br><\/strong>Agger 7770<strong><br><\/strong><strong>Tlf.:<\/strong> 50 12 12 12<strong><br>E-mail: <\/strong>mail@aggerglamping.dk<\/p>\t\t\t\t\t\t\t\t<\/div>\n\t\t\t\t<\/div>\n\t\t\t\t<\/div>\n\t\t\t\t<\/div>\n\t\t","protected":false},"excerpt":{"rendered":"<p>Handelsbedingungen Diese allgemeinen Gesch\u00e4ftsbedingungen gelten f\u00fcr jeden Handel zwischen Agger Glamping und dem Gast. Jede Abweichung von diesen Bedingungen muss schriftlich zwischen den Parteien vereinbart werden. 1. Reservierung und Auftragsbest\u00e4tigung Wenn Agger Glamping die Reservierung erhalten hat, sendet Agger Glamping so schnell wie m\u00f6glich eine Bestellbest\u00e4tigung an die angegebene E-Mail mit Informationen zur Bestellnummer, Namen [&hellip;]<\/p>\n","protected":false},"author":1,"featured_media":0,"parent":0,"menu_order":0,"comment_status":"closed","ping_status":"closed","template":"","meta":{"_acf_changed":false,"footnotes":""},"class_list":["post-1852","page","type-page","status-publish","hentry"],"acf":[],"yoast_head":"<!-- This site is optimized with the Yoast SEO plugin v25.7 - https:\/\/yoast.com\/wordpress\/plugins\/seo\/ -->\n<title>Handelsbedingungen | aggerglamping.dk<\/title>\n<meta name=\"robots\" content=\"index, follow, max-snippet:-1, max-image-preview:large, max-video-preview:-1\" \/>\n<link rel=\"canonical\" href=\"https:\/\/aggerglamping.dk\/de\/handelsbedingungen\/\" \/>\n<meta property=\"og:locale\" content=\"de_DE\" \/>\n<meta property=\"og:type\" content=\"article\" \/>\n<meta property=\"og:title\" content=\"Handelsbedingungen | aggerglamping.dk\" \/>\n<meta property=\"og:description\" content=\"Handelsbedingungen Diese allgemeinen Gesch\u00e4ftsbedingungen gelten f\u00fcr jeden Handel zwischen Agger Glamping und dem Gast. Jede Abweichung von diesen Bedingungen muss schriftlich zwischen den Parteien vereinbart werden. 1. Reservierung und Auftragsbest\u00e4tigung Wenn Agger Glamping die Reservierung erhalten hat, sendet Agger Glamping so schnell wie m\u00f6glich eine Bestellbest\u00e4tigung an die angegebene E-Mail mit Informationen zur Bestellnummer, Namen [&hellip;]\" \/>\n<meta property=\"og:url\" content=\"https:\/\/aggerglamping.dk\/de\/handelsbedingungen\/\" \/>\n<meta property=\"og:site_name\" content=\"aggerglamping.dk\" \/>\n<meta property=\"article:modified_time\" content=\"2025-08-26T07:58:20+00:00\" \/>\n<meta property=\"og:image\" content=\"https:\/\/aggerglamping.dk\/wp-content\/uploads\/2024\/06\/dji_fly_20240603_204144_637_1717440720710_photo.jpg\" \/>\n\t<meta property=\"og:image:width\" content=\"1500\" \/>\n\t<meta property=\"og:image:height\" content=\"1125\" \/>\n\t<meta property=\"og:image:type\" content=\"image\/jpeg\" \/>\n<meta name=\"twitter:card\" content=\"summary_large_image\" \/>\n<meta name=\"twitter:label1\" content=\"Gesch\u00e4tzte Lesezeit\" \/>\n\t<meta name=\"twitter:data1\" content=\"5\u00a0Minuten\" \/>\n<script type=\"application\/ld+json\" class=\"yoast-schema-graph\">{\"@context\":\"https:\/\/schema.org\",\"@graph\":[{\"@type\":\"WebPage\",\"@id\":\"https:\/\/aggerglamping.dk\/de\/handelsbedingungen\/\",\"url\":\"https:\/\/aggerglamping.dk\/de\/handelsbedingungen\/\",\"name\":\"Handelsbedingungen | aggerglamping.dk\",\"isPartOf\":{\"@id\":\"https:\/\/aggerglamping.dk\/#website\"},\"datePublished\":\"2024-06-11T12:25:56+00:00\",\"dateModified\":\"2025-08-26T07:58:20+00:00\",\"breadcrumb\":{\"@id\":\"https:\/\/aggerglamping.dk\/de\/handelsbedingungen\/#breadcrumb\"},\"inLanguage\":\"de\",\"potentialAction\":[{\"@type\":\"ReadAction\",\"target\":[\"https:\/\/aggerglamping.dk\/de\/handelsbedingungen\/\"]}]},{\"@type\":\"BreadcrumbList\",\"@id\":\"https:\/\/aggerglamping.dk\/de\/handelsbedingungen\/#breadcrumb\",\"itemListElement\":[{\"@type\":\"ListItem\",\"position\":1,\"name\":\"Hjem\",\"item\":\"https:\/\/aggerglamping.dk\/de\/front\/\"},{\"@type\":\"ListItem\",\"position\":2,\"name\":\"Handelsbedingungen\"}]},{\"@type\":\"WebSite\",\"@id\":\"https:\/\/aggerglamping.dk\/#website\",\"url\":\"https:\/\/aggerglamping.dk\/\",\"name\":\"aggerglamping.dk\",\"description\":\"Agger Glamping\",\"publisher\":{\"@id\":\"https:\/\/aggerglamping.dk\/#organization\"},\"potentialAction\":[{\"@type\":\"SearchAction\",\"target\":{\"@type\":\"EntryPoint\",\"urlTemplate\":\"https:\/\/aggerglamping.dk\/?s={search_term_string}\"},\"query-input\":{\"@type\":\"PropertyValueSpecification\",\"valueRequired\":true,\"valueName\":\"search_term_string\"}}],\"inLanguage\":\"de\"},{\"@type\":\"Organization\",\"@id\":\"https:\/\/aggerglamping.dk\/#organization\",\"name\":\"aggerglamping.dk\",\"url\":\"https:\/\/aggerglamping.dk\/\",\"logo\":{\"@type\":\"ImageObject\",\"inLanguage\":\"de\",\"@id\":\"https:\/\/aggerglamping.dk\/#\/schema\/logo\/image\/\",\"url\":\"https:\/\/aggerglamping.dk\/wp-content\/uploads\/2024\/01\/agger-glamping-logo.png\",\"contentUrl\":\"https:\/\/aggerglamping.dk\/wp-content\/uploads\/2024\/01\/agger-glamping-logo.png\",\"width\":1340,\"height\":400,\"caption\":\"aggerglamping.dk\"},\"image\":{\"@id\":\"https:\/\/aggerglamping.dk\/#\/schema\/logo\/image\/\"}}]}<\/script>\n<!-- \/ Yoast SEO plugin. -->","yoast_head_json":{"title":"Handelsbedingungen | aggerglamping.dk","robots":{"index":"index","follow":"follow","max-snippet":"max-snippet:-1","max-image-preview":"max-image-preview:large","max-video-preview":"max-video-preview:-1"},"canonical":"https:\/\/aggerglamping.dk\/de\/handelsbedingungen\/","og_locale":"de_DE","og_type":"article","og_title":"Handelsbedingungen | aggerglamping.dk","og_description":"Handelsbedingungen Diese allgemeinen Gesch\u00e4ftsbedingungen gelten f\u00fcr jeden Handel zwischen Agger Glamping und dem Gast. Jede Abweichung von diesen Bedingungen muss schriftlich zwischen den Parteien vereinbart werden. 1. Reservierung und Auftragsbest\u00e4tigung Wenn Agger Glamping die Reservierung erhalten hat, sendet Agger Glamping so schnell wie m\u00f6glich eine Bestellbest\u00e4tigung an die angegebene E-Mail mit Informationen zur Bestellnummer, Namen [&hellip;]","og_url":"https:\/\/aggerglamping.dk\/de\/handelsbedingungen\/","og_site_name":"aggerglamping.dk","article_modified_time":"2025-08-26T07:58:20+00:00","og_image":[{"width":1500,"height":1125,"url":"https:\/\/aggerglamping.dk\/wp-content\/uploads\/2024\/06\/dji_fly_20240603_204144_637_1717440720710_photo.jpg","type":"image\/jpeg"}],"twitter_card":"summary_large_image","twitter_misc":{"Gesch\u00e4tzte Lesezeit":"5\u00a0Minuten"},"schema":{"@context":"https:\/\/schema.org","@graph":[{"@type":"WebPage","@id":"https:\/\/aggerglamping.dk\/de\/handelsbedingungen\/","url":"https:\/\/aggerglamping.dk\/de\/handelsbedingungen\/","name":"Handelsbedingungen | aggerglamping.dk","isPartOf":{"@id":"https:\/\/aggerglamping.dk\/#website"},"datePublished":"2024-06-11T12:25:56+00:00","dateModified":"2025-08-26T07:58:20+00:00","breadcrumb":{"@id":"https:\/\/aggerglamping.dk\/de\/handelsbedingungen\/#breadcrumb"},"inLanguage":"de","potentialAction":[{"@type":"ReadAction","target":["https:\/\/aggerglamping.dk\/de\/handelsbedingungen\/"]}]},{"@type":"BreadcrumbList","@id":"https:\/\/aggerglamping.dk\/de\/handelsbedingungen\/#breadcrumb","itemListElement":[{"@type":"ListItem","position":1,"name":"Hjem","item":"https:\/\/aggerglamping.dk\/de\/front\/"},{"@type":"ListItem","position":2,"name":"Handelsbedingungen"}]},{"@type":"WebSite","@id":"https:\/\/aggerglamping.dk\/#website","url":"https:\/\/aggerglamping.dk\/","name":"aggerglamping.dk","description":"Agger Glamping","publisher":{"@id":"https:\/\/aggerglamping.dk\/#organization"},"potentialAction":[{"@type":"SearchAction","target":{"@type":"EntryPoint","urlTemplate":"https:\/\/aggerglamping.dk\/?s={search_term_string}"},"query-input":{"@type":"PropertyValueSpecification","valueRequired":true,"valueName":"search_term_string"}}],"inLanguage":"de"},{"@type":"Organization","@id":"https:\/\/aggerglamping.dk\/#organization","name":"aggerglamping.dk","url":"https:\/\/aggerglamping.dk\/","logo":{"@type":"ImageObject","inLanguage":"de","@id":"https:\/\/aggerglamping.dk\/#\/schema\/logo\/image\/","url":"https:\/\/aggerglamping.dk\/wp-content\/uploads\/2024\/01\/agger-glamping-logo.png","contentUrl":"https:\/\/aggerglamping.dk\/wp-content\/uploads\/2024\/01\/agger-glamping-logo.png","width":1340,"height":400,"caption":"aggerglamping.dk"},"image":{"@id":"https:\/\/aggerglamping.dk\/#\/schema\/logo\/image\/"}}]}},"_links":{"self":[{"href":"https:\/\/aggerglamping.dk\/de\/wp-json\/wp\/v2\/pages\/1852","targetHints":{"allow":["GET"]}}],"collection":[{"href":"https:\/\/aggerglamping.dk\/de\/wp-json\/wp\/v2\/pages"}],"about":[{"href":"https:\/\/aggerglamping.dk\/de\/wp-json\/wp\/v2\/types\/page"}],"author":[{"embeddable":true,"href":"https:\/\/aggerglamping.dk\/de\/wp-json\/wp\/v2\/users\/1"}],"replies":[{"embeddable":true,"href":"https:\/\/aggerglamping.dk\/de\/wp-json\/wp\/v2\/comments?post=1852"}],"version-history":[{"count":2,"href":"https:\/\/aggerglamping.dk\/de\/wp-json\/wp\/v2\/pages\/1852\/revisions"}],"predecessor-version":[{"id":2857,"href":"https:\/\/aggerglamping.dk\/de\/wp-json\/wp\/v2\/pages\/1852\/revisions\/2857"}],"wp:attachment":[{"href":"https:\/\/aggerglamping.dk\/de\/wp-json\/wp\/v2\/media?parent=1852"}],"curies":[{"name":"wp","href":"https:\/\/api.w.org\/{rel}","templated":true}]}}