{"id":1907,"date":"2024-01-15T14:33:45","date_gmt":"2024-01-15T13:33:45","guid":{"rendered":"https:\/\/aggerglamping.dk\/datenschutzrichtlinie\/"},"modified":"2024-08-21T12:18:45","modified_gmt":"2024-08-21T10:18:45","slug":"datenschutzrichtlinie","status":"publish","type":"page","link":"https:\/\/aggerglamping.dk\/de\/datenschutzrichtlinie\/","title":{"rendered":"Datenschutzrichtlinie"},"content":{"rendered":"\t\t<div data-elementor-type=\"wp-page\" data-elementor-id=\"1907\" class=\"elementor elementor-1907 elementor-3\" data-elementor-post-type=\"page\">\n\t\t\t\t<div class=\"elementor-element elementor-element-4bf0f025 e-con-full e-flex e-con e-parent\" data-id=\"4bf0f025\" data-element_type=\"container\">\n\t\t\t\t<div class=\"elementor-element elementor-element-850da9f elementor-widget elementor-widget-heading\" data-id=\"850da9f\" data-element_type=\"widget\" data-widget_type=\"heading.default\">\n\t\t\t\t<div class=\"elementor-widget-container\">\n\t\t\t\t\t<h2 class=\"elementor-heading-title elementor-size-default\">Datenschutzrichtlinie<\/h2>\t\t\t\t<\/div>\n\t\t\t\t<\/div>\n\t\t\t\t<div class=\"elementor-element elementor-element-c3162d6 elementor-widget elementor-widget-text-editor\" data-id=\"c3162d6\" data-element_type=\"widget\" data-widget_type=\"text-editor.default\">\n\t\t\t\t<div class=\"elementor-widget-container\">\n\t\t\t\t\t\t\t\t\t<p>Personenbezogene Daten sind alle Informationen \u00fcber eine identifizierte Person.<\/p>\n<p>Personenbezogene Daten werden in identifizierte Personen und identifizierbare personenbezogene Daten unterteilt. Hierbei handelt es sich um alle Arten von Daten, die in gewissem Umfang auf Sie bezogen werden k\u00f6nnen. Unsere Datenschutzrichtlinie gilt f\u00fcr die Informationen, die Sie uns zur Verf\u00fcgung stellen und\/oder f\u00fcr die Informationen, die wir von Ihnen als Nutzer unserer Dienste oder durch Ihr Verhalten auf unseren Websites sammeln. <\/p>\n<p>In der Datenschutzerkl\u00e4rung k\u00f6nnen Sie nachlesen, wie wir mit den uns vorliegenden Daten umgehen und wie lange wir Daten \u00fcber Sie speichern.<\/p>\n<p>Diese Datenschutzrichtlinie gilt in F\u00e4llen, in denen Agger Glamping (https:\/\/aggerglamping.dk\/) der Datenverantwortliche f\u00fcr die Verarbeitung Ihrer personenbezogenen Daten ist. <\/p>\n<h4>1. Datenverantwortlicher<\/h4>\n<p>Wir sind der Verantwortliche f\u00fcr die Verarbeitung der personenbezogenen Daten, die wir \u00fcber unsere Nutzer und Gesch\u00e4ftspartner verarbeiten. Nachfolgend finden Sie unsere Kontaktinformationen. <\/p>\n<p>Agger Glamping <br \/>WEST-POINT HOLDING ApS<br \/>Aggervej 28<br \/>7770 Vestervig<br \/>CVR-nr.: 21304905<\/p>\n<p>Sie k\u00f6nnen uns gerne unter <a href=\"mailto:h@westbank.dk\"><strong>h@westbank.dk<\/strong><\/a> kontaktieren. Schreiben Sie \u201eDatenschutzerkl\u00e4rung\u201c in die Betreffzeile. Sie k\u00f6nnen uns schreiben, wenn Sie Fragen zur Verarbeitung Ihrer personenbezogenen Daten haben, Ihre Rechte geltend machen m\u00f6chten, Ihre registrierten personenbezogenen Daten \u00fcber Sie \u00e4ndern oder l\u00f6schen m\u00f6chten oder wenn Sie Fragen zu unserer Datenschutzerkl\u00e4rung haben .  <\/p>\n<h4>2. Behandlungsaktivit\u00e4ten<\/h4>\n<p>Als Verantwortlicher im Sinne der GDPR haben wir folgende Verarbeitungst\u00e4tigkeiten: <\/p>\n<h6><strong>2.1 Besuch der Website<\/strong><\/h6>\n<p>Wenn Sie unsere Website (https:\/\/aggerglamping.dk\/) besuchen, verwenden wir Cookies, damit die Website funktioniert. Weitere Informationen hierzu finden Sie in unserer Cookie-Richtlinie.<\/p>\n<p>Sie k\u00f6nnen der Verwendung von Cookies jederzeit widersprechen. Sie k\u00f6nnen dies tun, indem Sie die entsprechenden Einstellungen in Ihrem Browser \u00e4ndern. Anleitungen finden Sie hier:   <\/p>\n<p> <a href=\"https:\/\/simsoft.dk\/hvordan-sletter-man-cookies\/\"><a href=\"https:\/\/simsoft.dk\/hvordan-sletter-man-cookies\/\">Simsoft-Seite zum L\u00f6schen von Cookies<\/a><\/a><\/p>\n<p>Wenn Sie Cookies l\u00f6schen oder blockieren, kann es sein, dass Werbung f\u00fcr Sie weniger relevant wird und h\u00e4ufiger erscheint. Es besteht auch das Risiko, dass die Website nicht optimal funktioniert und Inhalte vorhanden sind, auf die Sie nicht zugreifen k\u00f6nnen. <\/p>\n<h6><strong>2.2 Kommunikation mit Benutzern oder potenziellen Benutzern<\/strong><\/h6>\n<p>Wenn Sie Fragen zu unserer Website haben oder mehr \u00fcber unsere Dienstleistungen erfahren m\u00f6chten, k\u00f6nnen Sie uns kontaktieren \u00fcber:<\/p>\n<ul>\n<li>E-mail<\/li>\n<li>Telefon<\/li>\n<li>Kontaktformular<\/li>\n<\/ul>\n<p>Dabei verarbeiten wir Ihre personenbezogenen Daten, um mit Ihnen in einen Dialog treten zu k\u00f6nnen, z.B. um Fragen zu unseren Leistungen zu beantworten. Wir verarbeiten ausschlie\u00dflich die Informationen, die Sie uns im Zusammenhang mit unserer Kommunikation mitteilen. <\/p>\n<p>Wir verarbeiten in der Regel die folgenden allgemeinen Informationen: Name, E-Mail, Telefonnummer.<\/p>\n<p>Unsere Befugnis zur Verarbeitung dieser personenbezogenen Daten ergibt sich aus Artikel 6 Absatz 1 der Datenschutzgrundverordnung 1 Liter f.<\/p>\n<p>Wir l\u00f6schen unsere Kommunikation mit Ihnen, wenn klar ist, ob Sie unsere Dienste w\u00fcnschen oder nicht.<\/p>\n<p>Sollte im Einzelfall eine Notwendigkeit bestehen, Ihre personenbezogenen Daten \u00fcber einen l\u00e4ngeren Zeitraum zu speichern, kann dies der Fall sein.<\/p>\n<h6><strong>2.3 Newsletter<\/strong><\/h6>\n<p>Wir haben einen Newsletter, f\u00fcr den Sie sich freiwillig anmelden \u2013 und jederzeit wieder abmelden k\u00f6nnen. <\/p>\n<p>Der Zweck des Newsletters besteht darin, registrierte E-Mails mit neuen Informationen des Unternehmens zu versenden, die sich m\u00f6glicherweise mit neuen Inhalten auf der Website und Werbung f\u00fcr unsere Dienstleistungen befassen.<\/p>\n<p>Unsere Befugnis zur Verarbeitung Ihrer personenbezogenen Daten (z. B. E-Mail-Adresse) im Zusammenhang mit dem Newsletter richtet sich nach Art. 6 Abs. 1 lit. f DSGVO 1 Buchstabe a.<\/p>\n<p>Wir verarbeiten Ihre personenbezogenen Daten, solange Sie noch f\u00fcr den Newsletter angemeldet sind. Mit der Abmeldung vom Newsletter stellen wir auch den Versand dieses Newsletters an Sie ein. Wenn wir Ihnen 1 Jahr lang keinen Newsletter zugesandt haben, erlischt Ihre Einwilligung aufgrund unserer Unt\u00e4tigkeit.  <\/p>\n<p>Wenn Sie sich vom Newsletter abmelden, speichern wir Ihre bisherige Einwilligung aufgrund der Verj\u00e4hrungsfrist f\u00fcr 2 Jahre nach der letzten Nutzung, vgl. Spam-Leitfaden des Verbraucherschutzbeauftragten Abschnitt 11.3.  <\/p>\n<h6><strong>2.4 Reservierung<\/strong><\/h6>\n<p>Wenn Sie \u00fcber unsere Website ein Zelt buchen m\u00f6chten, k\u00f6nnen Sie dies \u00fcber unser Kontaktformular tun.<\/p>\n<p>Dabei verarbeiten wir Ihre personenbezogenen Daten, um eine Online-Buchung f\u00fcr Sie durchf\u00fchren zu k\u00f6nnen.<\/p>\n<p>Wir verarbeiten in der Regel die folgenden allgemeinen Informationen: Name, E-Mail, Telefonnummer.<\/p>\n<p>Zur Zahlungsabwicklung auf der Website nutzen wir einen Dienst: <a href=\"https:\/\/stripe.com\/en-dk\">Stripe<\/a>.<\/p>\n<p>Unsere Befugnis zur Verarbeitung dieser personenbezogenen Daten ergibt sich aus Artikel 6 Absatz 1 der Datenschutzgrundverordnung 1 Liter f.<\/p>\n<p>Wir l\u00f6schen unsere Kommunikation mit Ihnen, wenn klar ist, ob Sie unsere Dienste w\u00fcnschen oder nicht. Die Informationen k\u00f6nnen zudem l\u00e4nger verarbeitet und gespeichert werden, wenn sie anonymisiert werden. <\/p>\n<h6><strong>2.5 Buchhaltung<\/strong><\/h6>\n<p>Wir m\u00fcssen alle Buchhaltungsunterlagen gem\u00e4\u00df Buchhaltungsgesetz aufbewahren. Das bedeutet, dass wir Rechnungen und \u00e4hnliche Dokumente zu Abrechnungszwecken speichern. Hierzu k\u00f6nnen allgemeine personenbezogene Daten wie Name, Adresse, Leistungsbeschreibung geh\u00f6ren.  <\/p>\n<p>Unsere Befugnis zur Verarbeitung personenbezogener Daten f\u00fcr die Buchf\u00fchrung richtet sich nach Art. 6 Abs. 1 lit. f GDPR.<\/p>\n<p>Wir speichern diese Informationen f\u00fcr mindestens 5 Jahre nach Ende des laufenden Gesch\u00e4ftsjahres. <\/p>\n<h6><strong>2.6 Beschwerde<\/strong><\/h6>\n<p>Sie k\u00f6nnen uns mit einer Beschwerde \u00fcber <a href=\"mailto:h@westbank.dk\"><strong>h@westbank.dk<\/strong><\/a> kontaktieren. Gem\u00e4\u00df den gesetzlichen Bestimmungen werden wir Ihre Beschwerde sp\u00e4testens 28 Tage im Voraus bearbeiten oder Sie \u00fcber die Notwendigkeit einer Verl\u00e4ngerung der Frist f\u00fcr die Bearbeitung Ihrer Beschwerde informieren.<\/p>\n<h4>3. Datenverarbeiter<\/h4>\n<p>Nur wenige k\u00f6nnen alles alleine bew\u00e4ltigen, und das gilt auch f\u00fcr uns. Wir haben daher Gesch\u00e4ftspartner und nutzen Lieferanten, bei denen es sich teilweise um Auftragsverarbeiter handeln kann. Externe Lieferanten k\u00f6nnen beispielsweise Systeme zur Organisation unserer Arbeit, Dienstleistungen, Beratung, IT-Hosting oder Marketing bereitstellen.  <\/p>\n<p>Es liegt in unserer Verantwortung sicherzustellen, dass Ihre personenbezogenen Daten ordnungsgem\u00e4\u00df verarbeitet werden. Deshalb stellen wir hohe Anforderungen an unsere Gesch\u00e4ftspartner und unsere Partner m\u00fcssen den Schutz Ihrer personenbezogenen Daten gew\u00e4hrleisten. <\/p>\n<p>Daher schlie\u00dfen wir hierzu Vereinbarungen mit Unternehmen (Auftragsverarbeitern) ab, die in unserem Auftrag personenbezogene Daten verarbeiten, um die Sicherheit Ihrer personenbezogenen Daten zu erh\u00f6hen.<\/p>\n<h4>4. Offenlegung personenbezogener Daten<\/h4>\n<p>Wir geben Ihre personenbezogenen Daten nicht an Dritte weiter.<\/p>\n<h4>5. Profiling und automatisierte Entscheidungen<\/h4>\n<p>Wir f\u00fchren weder Profiling noch automatisierte Entscheidungen durch.<\/p>\n<h4>6. Drittlandtransfers<\/h4>\n<p>Wir setzen in der Regel Auftragsverarbeiter in der EU\/dem EWR ein, oder die Daten in der EU\/dem EWR speichern. <\/p>\n<p>In manchen F\u00e4llen ist dies nicht m\u00f6glich und hier k\u00f6nnen Auftragsverarbeiter au\u00dferhalb der EU\/des EWR eingesetzt werden, sofern diese einen angemessenen Schutz Ihrer personenbezogenen Daten gew\u00e4hrleisten k\u00f6nnen und zu sicheren Drittl\u00e4ndern geh\u00f6ren.<\/p>\n<h4>7. Behandlungssicherheit<\/h4>\n<p>Wir gew\u00e4hrleisten die Sicherheit der Verarbeitung personenbezogener Daten durch geeignete technische und organisatorische Ma\u00dfnahmen.<\/p>\n<p>Wir haben Risikobewertungen unserer Verarbeitung personenbezogener Daten vorgenommen und anschlie\u00dfend geeignete technische und organisatorische Ma\u00dfnahmen zur Erh\u00f6hung der Verarbeitungssicherheit eingeleitet.<\/p>\n<p>Eine unserer wichtigsten Ma\u00dfnahmen besteht darin, unsere Mitarbeiter durch fortlaufende Sensibilisierungsschulungen, GDPR-Kurse sowie durch die \u00dcberpr\u00fcfung unserer GDPR-Verfahren mit den Mitarbeitern \u00fcber die GDPR auf dem Laufenden zu halten.<\/p>\n<h4>8. Die Rechte der betroffenen Personen<\/h4>\n<p>Gem\u00e4\u00df der Datenschutzverordnung haben Sie im Zusammenhang mit der Verarbeitung Ihrer Daten durch uns eine Reihe von Rechten.<\/p>\n<p>Wenn Sie von Ihren Rechten Gebrauch machen m\u00f6chten, kontaktieren Sie uns bitte, damit wir Ihnen dabei helfen k\u00f6nnen.<\/p>\n<h6><strong>8.1 Recht auf Auskunft (Zugriffsrecht)<\/strong><\/h6>\n<p>Sie haben das Recht, Einblick in die Informationen zu erhalten, die wir \u00fcber Sie verarbeiten, sowie eine Reihe weiterer Informationen.<\/p>\n<h6><strong>8.2 Recht auf Berichtigung (Korrektur)<\/strong><\/h6>\n<p>Sie haben das Recht, falsche Angaben zu Ihrer Person berichtigen zu lassen.<\/p>\n<h6><strong>8.3 Recht auf L\u00f6schung<\/strong><\/h6>\n<p>In besonderen F\u00e4llen haben Sie das Recht, die Daten \u00fcber Sie l\u00f6schen zu lassen, bevor der Zeitpunkt unserer normalen allgemeinen L\u00f6schung eintritt.<\/p>\n<h6><strong>8.4 Recht auf Einschr\u00e4nkung der Verarbeitung<\/strong><\/h6>\n<p>In bestimmten F\u00e4llen haben Sie das Recht, die Verarbeitung Ihrer personenbezogenen Daten einschr\u00e4nken zu lassen. Wenn Sie das Recht auf Einschr\u00e4nkung der Verarbeitung haben, d\u00fcrfen wir die Daten k\u00fcnftig \u2013 von der Speicherung abgesehen \u2013 nur noch mit Ihrer Einwilligung oder zur Geltendmachung, Geltendmachung oder Verteidigung von Rechtsanspr\u00fcchen oder zum Schutz einer Person oder wichtiger \u00f6ffentlicher Interessen verarbeiten . <\/p>\n<h6><strong>8.5 Widerspruchsrecht<\/strong><\/h6>\n<p>In bestimmten F\u00e4llen haben Sie das Recht, unserer ansonsten rechtm\u00e4\u00dfigen Verarbeitung Ihrer personenbezogenen Daten zu widersprechen. Sie k\u00f6nnen auch der Verarbeitung Ihrer Daten f\u00fcr Direktmarketingzwecke widersprechen. <\/p>\n<h6><strong>8.6 Recht auf \u00dcbermittlung von Informationen (Datenportabilit\u00e4t)<\/strong><\/h6>\n<p>In bestimmten F\u00e4llen haben Sie das Recht, Ihre personenbezogenen Daten in einem strukturierten, g\u00e4ngigen und maschinenlesbaren Format zu erhalten und diese personenbezogenen Daten ungehindert von einem Verantwortlichen an einen anderen \u00fcbertragen zu lassen.<\/p>\n<p>Weitere Informationen zu Ihren Rechten finden Sie in den Leitlinien der Datenschutzbeh\u00f6rde zu den Rechten betroffener Personen, die Sie unter <a href=\"http:\/\/www.datatilsynet.dk\/\">www.datatilsynet.dk<\/a> finden.<\/p>\n<p>Wenn unsere Verarbeitung Ihrer personenbezogenen Daten auf Ihrer Einwilligung beruht, haben Sie das Recht, Ihre Einwilligung zu widerrufen. <\/p>\n<h4>9. Speicherung und L\u00f6schung<\/h4>\n<p>Wir l\u00f6schen Ihre personenbezogenen Daten, wenn wir sie zur Erf\u00fcllung eines oder mehrerer der oben genannten Zwecke nicht mehr verarbeiten m\u00fcssen.<\/p>\n<p>Wir speichern Ihre Daten in \u00dcbereinstimmung mit den geltenden Gesetzen.<\/p>\n<p>Die Informationen k\u00f6nnen zudem l\u00e4nger verarbeitet und gespeichert werden, wenn sie anonymisiert werden.<\/p>\n<h4>10. Beschwerde bei der Datenschutzbeh\u00f6rde<\/h4>\n<p>Sie haben das Recht, eine Beschwerde bei der d\u00e4nischen Datenschutzbeh\u00f6rde einzureichen, wenn Sie mit der Art und Weise, wie wir Ihre personenbezogenen Daten verarbeiten, unzufrieden sind. Die Kontaktinformationen der Datenschutzbeh\u00f6rde finden Sie unter <a href=\"http:\/\/www.datatilsynet.dk\/\">www.datatilsynet.dk.<\/a> <\/p>\n<p>Kontaktdaten:<\/p>\n<p>Carl Jacobsens Vej 35<br \/>2500 Valby<br \/>Phone: +45 3319 3200<br \/>E-mail: <a href=\"mailto:dt@datatilsynet.dk\">dt@datatilsynet.dk<\/a><\/p>\n\t\t\t\t\t\t\t\t<\/div>\n\t\t\t\t<\/div>\n\t\t\t\t<\/div>\n\t\t\t\t<\/div>\n\t\t","protected":false},"excerpt":{"rendered":"<p>Datenschutzrichtlinie Personenbezogene Daten sind alle Informationen \u00fcber eine identifizierte Person. Personenbezogene Daten werden in identifizierte Personen und identifizierbare personenbezogene Daten unterteilt. Hierbei handelt es sich um alle Arten von Daten, die in gewissem Umfang auf Sie bezogen werden k\u00f6nnen. Unsere Datenschutzrichtlinie gilt f\u00fcr die Informationen, die Sie uns zur Verf\u00fcgung stellen und\/oder f\u00fcr die Informationen, [&hellip;]<\/p>\n","protected":false},"author":1,"featured_media":0,"parent":0,"menu_order":0,"comment_status":"closed","ping_status":"open","template":"","meta":{"_acf_changed":false,"footnotes":""},"class_list":["post-1907","page","type-page","status-publish","hentry"],"acf":[],"yoast_head":"<!-- This site is optimized with the Yoast SEO plugin v25.7 - https:\/\/yoast.com\/wordpress\/plugins\/seo\/ -->\n<title>Datenschutzrichtlinie | aggerglamping.dk<\/title>\n<meta name=\"robots\" content=\"index, follow, max-snippet:-1, max-image-preview:large, max-video-preview:-1\" \/>\n<link rel=\"canonical\" href=\"https:\/\/aggerglamping.dk\/privatlivspolitik\/\" \/>\n<meta property=\"og:locale\" content=\"de_DE\" \/>\n<meta property=\"og:type\" content=\"article\" \/>\n<meta property=\"og:title\" content=\"Datenschutzrichtlinie | aggerglamping.dk\" \/>\n<meta property=\"og:description\" content=\"Datenschutzrichtlinie Personenbezogene Daten sind alle Informationen \u00fcber eine identifizierte Person. Personenbezogene Daten werden in identifizierte Personen und identifizierbare personenbezogene Daten unterteilt. Hierbei handelt es sich um alle Arten von Daten, die in gewissem Umfang auf Sie bezogen werden k\u00f6nnen. Unsere Datenschutzrichtlinie gilt f\u00fcr die Informationen, die Sie uns zur Verf\u00fcgung stellen und\/oder f\u00fcr die Informationen, [&hellip;]\" \/>\n<meta property=\"og:url\" content=\"https:\/\/aggerglamping.dk\/privatlivspolitik\/\" \/>\n<meta property=\"og:site_name\" content=\"aggerglamping.dk\" \/>\n<meta property=\"article:modified_time\" content=\"2024-08-21T10:18:45+00:00\" \/>\n<meta property=\"og:image\" content=\"https:\/\/aggerglamping.dk\/wp-content\/uploads\/2024\/06\/dji_fly_20240603_204144_637_1717440720710_photo.jpg\" \/>\n\t<meta property=\"og:image:width\" content=\"1500\" \/>\n\t<meta property=\"og:image:height\" content=\"1125\" \/>\n\t<meta property=\"og:image:type\" content=\"image\/jpeg\" \/>\n<meta name=\"twitter:card\" content=\"summary_large_image\" \/>\n<meta name=\"twitter:label1\" content=\"Gesch\u00e4tzte Lesezeit\" \/>\n\t<meta name=\"twitter:data1\" content=\"7\u00a0Minuten\" \/>\n<script type=\"application\/ld+json\" class=\"yoast-schema-graph\">{\"@context\":\"https:\/\/schema.org\",\"@graph\":[{\"@type\":\"WebPage\",\"@id\":\"https:\/\/aggerglamping.dk\/privatlivspolitik\/\",\"url\":\"https:\/\/aggerglamping.dk\/privatlivspolitik\/\",\"name\":\"Datenschutzrichtlinie | aggerglamping.dk\",\"isPartOf\":{\"@id\":\"https:\/\/aggerglamping.dk\/#website\"},\"datePublished\":\"2024-01-15T13:33:45+00:00\",\"dateModified\":\"2024-08-21T10:18:45+00:00\",\"breadcrumb\":{\"@id\":\"https:\/\/aggerglamping.dk\/privatlivspolitik\/#breadcrumb\"},\"inLanguage\":\"de\",\"potentialAction\":[{\"@type\":\"ReadAction\",\"target\":[\"https:\/\/aggerglamping.dk\/privatlivspolitik\/\"]}]},{\"@type\":\"BreadcrumbList\",\"@id\":\"https:\/\/aggerglamping.dk\/privatlivspolitik\/#breadcrumb\",\"itemListElement\":[{\"@type\":\"ListItem\",\"position\":1,\"name\":\"Hjem\",\"item\":\"https:\/\/aggerglamping.dk\/de\/front\/\"},{\"@type\":\"ListItem\",\"position\":2,\"name\":\"Datenschutzrichtlinie\"}]},{\"@type\":\"WebSite\",\"@id\":\"https:\/\/aggerglamping.dk\/#website\",\"url\":\"https:\/\/aggerglamping.dk\/\",\"name\":\"aggerglamping.dk\",\"description\":\"Agger Glamping\",\"publisher\":{\"@id\":\"https:\/\/aggerglamping.dk\/#organization\"},\"potentialAction\":[{\"@type\":\"SearchAction\",\"target\":{\"@type\":\"EntryPoint\",\"urlTemplate\":\"https:\/\/aggerglamping.dk\/?s={search_term_string}\"},\"query-input\":{\"@type\":\"PropertyValueSpecification\",\"valueRequired\":true,\"valueName\":\"search_term_string\"}}],\"inLanguage\":\"de\"},{\"@type\":\"Organization\",\"@id\":\"https:\/\/aggerglamping.dk\/#organization\",\"name\":\"aggerglamping.dk\",\"url\":\"https:\/\/aggerglamping.dk\/\",\"logo\":{\"@type\":\"ImageObject\",\"inLanguage\":\"de\",\"@id\":\"https:\/\/aggerglamping.dk\/#\/schema\/logo\/image\/\",\"url\":\"https:\/\/aggerglamping.dk\/wp-content\/uploads\/2024\/01\/agger-glamping-logo.png\",\"contentUrl\":\"https:\/\/aggerglamping.dk\/wp-content\/uploads\/2024\/01\/agger-glamping-logo.png\",\"width\":1340,\"height\":400,\"caption\":\"aggerglamping.dk\"},\"image\":{\"@id\":\"https:\/\/aggerglamping.dk\/#\/schema\/logo\/image\/\"}}]}<\/script>\n<!-- \/ Yoast SEO plugin. -->","yoast_head_json":{"title":"Datenschutzrichtlinie | aggerglamping.dk","robots":{"index":"index","follow":"follow","max-snippet":"max-snippet:-1","max-image-preview":"max-image-preview:large","max-video-preview":"max-video-preview:-1"},"canonical":"https:\/\/aggerglamping.dk\/privatlivspolitik\/","og_locale":"de_DE","og_type":"article","og_title":"Datenschutzrichtlinie | aggerglamping.dk","og_description":"Datenschutzrichtlinie Personenbezogene Daten sind alle Informationen \u00fcber eine identifizierte Person. Personenbezogene Daten werden in identifizierte Personen und identifizierbare personenbezogene Daten unterteilt. Hierbei handelt es sich um alle Arten von Daten, die in gewissem Umfang auf Sie bezogen werden k\u00f6nnen. Unsere Datenschutzrichtlinie gilt f\u00fcr die Informationen, die Sie uns zur Verf\u00fcgung stellen und\/oder f\u00fcr die Informationen, [&hellip;]","og_url":"https:\/\/aggerglamping.dk\/privatlivspolitik\/","og_site_name":"aggerglamping.dk","article_modified_time":"2024-08-21T10:18:45+00:00","og_image":[{"width":1500,"height":1125,"url":"https:\/\/aggerglamping.dk\/wp-content\/uploads\/2024\/06\/dji_fly_20240603_204144_637_1717440720710_photo.jpg","type":"image\/jpeg"}],"twitter_card":"summary_large_image","twitter_misc":{"Gesch\u00e4tzte Lesezeit":"7\u00a0Minuten"},"schema":{"@context":"https:\/\/schema.org","@graph":[{"@type":"WebPage","@id":"https:\/\/aggerglamping.dk\/privatlivspolitik\/","url":"https:\/\/aggerglamping.dk\/privatlivspolitik\/","name":"Datenschutzrichtlinie | aggerglamping.dk","isPartOf":{"@id":"https:\/\/aggerglamping.dk\/#website"},"datePublished":"2024-01-15T13:33:45+00:00","dateModified":"2024-08-21T10:18:45+00:00","breadcrumb":{"@id":"https:\/\/aggerglamping.dk\/privatlivspolitik\/#breadcrumb"},"inLanguage":"de","potentialAction":[{"@type":"ReadAction","target":["https:\/\/aggerglamping.dk\/privatlivspolitik\/"]}]},{"@type":"BreadcrumbList","@id":"https:\/\/aggerglamping.dk\/privatlivspolitik\/#breadcrumb","itemListElement":[{"@type":"ListItem","position":1,"name":"Hjem","item":"https:\/\/aggerglamping.dk\/de\/front\/"},{"@type":"ListItem","position":2,"name":"Datenschutzrichtlinie"}]},{"@type":"WebSite","@id":"https:\/\/aggerglamping.dk\/#website","url":"https:\/\/aggerglamping.dk\/","name":"aggerglamping.dk","description":"Agger Glamping","publisher":{"@id":"https:\/\/aggerglamping.dk\/#organization"},"potentialAction":[{"@type":"SearchAction","target":{"@type":"EntryPoint","urlTemplate":"https:\/\/aggerglamping.dk\/?s={search_term_string}"},"query-input":{"@type":"PropertyValueSpecification","valueRequired":true,"valueName":"search_term_string"}}],"inLanguage":"de"},{"@type":"Organization","@id":"https:\/\/aggerglamping.dk\/#organization","name":"aggerglamping.dk","url":"https:\/\/aggerglamping.dk\/","logo":{"@type":"ImageObject","inLanguage":"de","@id":"https:\/\/aggerglamping.dk\/#\/schema\/logo\/image\/","url":"https:\/\/aggerglamping.dk\/wp-content\/uploads\/2024\/01\/agger-glamping-logo.png","contentUrl":"https:\/\/aggerglamping.dk\/wp-content\/uploads\/2024\/01\/agger-glamping-logo.png","width":1340,"height":400,"caption":"aggerglamping.dk"},"image":{"@id":"https:\/\/aggerglamping.dk\/#\/schema\/logo\/image\/"}}]}},"_links":{"self":[{"href":"https:\/\/aggerglamping.dk\/de\/wp-json\/wp\/v2\/pages\/1907","targetHints":{"allow":["GET"]}}],"collection":[{"href":"https:\/\/aggerglamping.dk\/de\/wp-json\/wp\/v2\/pages"}],"about":[{"href":"https:\/\/aggerglamping.dk\/de\/wp-json\/wp\/v2\/types\/page"}],"author":[{"embeddable":true,"href":"https:\/\/aggerglamping.dk\/de\/wp-json\/wp\/v2\/users\/1"}],"replies":[{"embeddable":true,"href":"https:\/\/aggerglamping.dk\/de\/wp-json\/wp\/v2\/comments?post=1907"}],"version-history":[{"count":1,"href":"https:\/\/aggerglamping.dk\/de\/wp-json\/wp\/v2\/pages\/1907\/revisions"}],"predecessor-version":[{"id":1908,"href":"https:\/\/aggerglamping.dk\/de\/wp-json\/wp\/v2\/pages\/1907\/revisions\/1908"}],"wp:attachment":[{"href":"https:\/\/aggerglamping.dk\/de\/wp-json\/wp\/v2\/media?parent=1907"}],"curies":[{"name":"wp","href":"https:\/\/api.w.org\/{rel}","templated":true}]}}