{"id":1909,"date":"2024-08-05T13:32:33","date_gmt":"2024-08-05T11:32:33","guid":{"rendered":"https:\/\/aggerglamping.dk\/vare\/das-luxuspaket\/"},"modified":"2024-08-21T12:28:26","modified_gmt":"2024-08-21T10:28:26","slug":"das-luxuspaket","status":"publish","type":"product","link":"https:\/\/aggerglamping.dk\/de\/vare\/das-luxuspaket\/","title":{"rendered":"Das Luxuspaket"},"content":{"rendered":"<p>Holen Sie sich ein fantastisches und einzigartiges Erlebnis mit dem Luxuspaket im Agger Glamping, bei dem Sie zus\u00e4tzlich zu 4 N\u00e4chten in der wundersch\u00f6nen Natur auch mit unserem schnellen RIP-Boot aufs Wasser gehen und an den gro\u00dfen Offshore-Windkraftanlagen, Robben und anderen vorbeikommen Delfine vor Agger und Thybor\u00f8n. Dar\u00fcber hinaus vermieten wir bei Agger Glamping auch verschiedene Wassersportger\u00e4te, z.B. SUP, Kanu und Kajak. Ebenfalls im Preis inbegriffen ist das t\u00e4gliche Fr\u00fchst\u00fcck sowie Champagner f\u00fcr einen sch\u00f6nen Abend.<\/p>\n","protected":false},"excerpt":{"rendered":"<p>Holen Sie sich ein fantastisches und einzigartiges Erlebnis mit dem Luxuspaket im Agger Glamping, bei dem Sie zus\u00e4tzlich zu 4 N\u00e4chten in der wundersch\u00f6nen Natur auch mit unserem schnellen RIP-Boot aufs Wasser gehen und an den gro\u00dfen Offshore-Windkraftanlagen, Robben und anderen vorbeikommen Delfine vor Agger und Thybor\u00f8n. Dar\u00fcber hinaus vermieten wir bei Agger Glamping auch [&hellip;]<\/p>\n","protected":false},"featured_media":1333,"comment_status":"open","ping_status":"closed","template":"","meta":{"_acf_changed":false},"product_brand":[],"product_cat":[48],"product_tag":[],"class_list":{"0":"post-1909","1":"product","2":"type-product","3":"status-publish","4":"has-post-thumbnail","6":"product_cat-luxus","8":"first","9":"instock","10":"downloadable","11":"virtual","12":"purchasable","13":"product-type-simple"},"acf":[],"yoast_head":"<!-- This site is optimized with the Yoast SEO plugin v25.7 - https:\/\/yoast.com\/wordpress\/plugins\/seo\/ -->\n<title>Das Luxuspaket | aggerglamping.dk<\/title>\n<meta name=\"robots\" content=\"index, follow, max-snippet:-1, max-image-preview:large, max-video-preview:-1\" \/>\n<link rel=\"canonical\" href=\"https:\/\/aggerglamping.dk\/vare\/luksus-pakken\/\" \/>\n<meta property=\"og:locale\" content=\"de_DE\" \/>\n<meta property=\"og:type\" content=\"article\" \/>\n<meta property=\"og:title\" content=\"Das Luxuspaket | aggerglamping.dk\" \/>\n<meta property=\"og:description\" content=\"Holen Sie sich ein fantastisches und einzigartiges Erlebnis mit dem Luxuspaket im Agger Glamping, bei dem Sie zus\u00e4tzlich zu 4 N\u00e4chten in der wundersch\u00f6nen Natur auch mit unserem schnellen RIP-Boot aufs Wasser gehen und an den gro\u00dfen Offshore-Windkraftanlagen, Robben und anderen vorbeikommen Delfine vor Agger und Thybor\u00f8n. Dar\u00fcber hinaus vermieten wir bei Agger Glamping auch [&hellip;]\" \/>\n<meta property=\"og:url\" content=\"https:\/\/aggerglamping.dk\/vare\/luksus-pakken\/\" \/>\n<meta property=\"og:site_name\" content=\"aggerglamping.dk\" \/>\n<meta property=\"article:modified_time\" content=\"2024-08-21T10:28:26+00:00\" \/>\n<meta property=\"og:image\" content=\"https:\/\/aggerglamping.dk\/wp-content\/uploads\/2024\/07\/vesterhavet-glamping-telt.jpg\" \/>\n\t<meta property=\"og:image:width\" content=\"1440\" \/>\n\t<meta property=\"og:image:height\" content=\"1800\" \/>\n\t<meta property=\"og:image:type\" content=\"image\/jpeg\" \/>\n<meta name=\"twitter:card\" content=\"summary_large_image\" \/>\n<script type=\"application\/ld+json\" class=\"yoast-schema-graph\">{\"@context\":\"https:\/\/schema.org\",\"@graph\":[{\"@type\":\"WebPage\",\"@id\":\"https:\/\/aggerglamping.dk\/vare\/luksus-pakken\/\",\"url\":\"https:\/\/aggerglamping.dk\/vare\/luksus-pakken\/\",\"name\":\"Das Luxuspaket | aggerglamping.dk\",\"isPartOf\":{\"@id\":\"https:\/\/aggerglamping.dk\/#website\"},\"primaryImageOfPage\":{\"@id\":\"https:\/\/aggerglamping.dk\/vare\/luksus-pakken\/#primaryimage\"},\"image\":{\"@id\":\"https:\/\/aggerglamping.dk\/vare\/luksus-pakken\/#primaryimage\"},\"thumbnailUrl\":\"https:\/\/aggerglamping.dk\/wp-content\/uploads\/2024\/07\/vesterhavet-glamping-telt.jpg\",\"datePublished\":\"2024-08-05T11:32:33+00:00\",\"dateModified\":\"2024-08-21T10:28:26+00:00\",\"breadcrumb\":{\"@id\":\"https:\/\/aggerglamping.dk\/vare\/luksus-pakken\/#breadcrumb\"},\"inLanguage\":\"de\",\"potentialAction\":[{\"@type\":\"ReadAction\",\"target\":[\"https:\/\/aggerglamping.dk\/vare\/luksus-pakken\/\"]}]},{\"@type\":\"ImageObject\",\"inLanguage\":\"de\",\"@id\":\"https:\/\/aggerglamping.dk\/vare\/luksus-pakken\/#primaryimage\",\"url\":\"https:\/\/aggerglamping.dk\/wp-content\/uploads\/2024\/07\/vesterhavet-glamping-telt.jpg\",\"contentUrl\":\"https:\/\/aggerglamping.dk\/wp-content\/uploads\/2024\/07\/vesterhavet-glamping-telt.jpg\",\"width\":1440,\"height\":1800},{\"@type\":\"BreadcrumbList\",\"@id\":\"https:\/\/aggerglamping.dk\/vare\/luksus-pakken\/#breadcrumb\",\"itemListElement\":[{\"@type\":\"ListItem\",\"position\":1,\"name\":\"Hjem\",\"item\":\"https:\/\/aggerglamping.dk\/de\/front\/\"},{\"@type\":\"ListItem\",\"position\":2,\"name\":\"Gesch\u00e4ft\",\"item\":\"https:\/\/aggerglamping.dk\/shop\/\"},{\"@type\":\"ListItem\",\"position\":3,\"name\":\"Das Luxuspaket\"}]},{\"@type\":\"WebSite\",\"@id\":\"https:\/\/aggerglamping.dk\/#website\",\"url\":\"https:\/\/aggerglamping.dk\/\",\"name\":\"aggerglamping.dk\",\"description\":\"Agger Glamping\",\"publisher\":{\"@id\":\"https:\/\/aggerglamping.dk\/#organization\"},\"potentialAction\":[{\"@type\":\"SearchAction\",\"target\":{\"@type\":\"EntryPoint\",\"urlTemplate\":\"https:\/\/aggerglamping.dk\/?s={search_term_string}\"},\"query-input\":{\"@type\":\"PropertyValueSpecification\",\"valueRequired\":true,\"valueName\":\"search_term_string\"}}],\"inLanguage\":\"de\"},{\"@type\":\"Organization\",\"@id\":\"https:\/\/aggerglamping.dk\/#organization\",\"name\":\"aggerglamping.dk\",\"url\":\"https:\/\/aggerglamping.dk\/\",\"logo\":{\"@type\":\"ImageObject\",\"inLanguage\":\"de\",\"@id\":\"https:\/\/aggerglamping.dk\/#\/schema\/logo\/image\/\",\"url\":\"https:\/\/aggerglamping.dk\/wp-content\/uploads\/2024\/01\/agger-glamping-logo.png\",\"contentUrl\":\"https:\/\/aggerglamping.dk\/wp-content\/uploads\/2024\/01\/agger-glamping-logo.png\",\"width\":1340,\"height\":400,\"caption\":\"aggerglamping.dk\"},\"image\":{\"@id\":\"https:\/\/aggerglamping.dk\/#\/schema\/logo\/image\/\"}}]}<\/script>\n<!-- \/ Yoast SEO plugin. -->","yoast_head_json":{"title":"Das Luxuspaket | aggerglamping.dk","robots":{"index":"index","follow":"follow","max-snippet":"max-snippet:-1","max-image-preview":"max-image-preview:large","max-video-preview":"max-video-preview:-1"},"canonical":"https:\/\/aggerglamping.dk\/vare\/luksus-pakken\/","og_locale":"de_DE","og_type":"article","og_title":"Das Luxuspaket | aggerglamping.dk","og_description":"Holen Sie sich ein fantastisches und einzigartiges Erlebnis mit dem Luxuspaket im Agger Glamping, bei dem Sie zus\u00e4tzlich zu 4 N\u00e4chten in der wundersch\u00f6nen Natur auch mit unserem schnellen RIP-Boot aufs Wasser gehen und an den gro\u00dfen Offshore-Windkraftanlagen, Robben und anderen vorbeikommen Delfine vor Agger und Thybor\u00f8n. Dar\u00fcber hinaus vermieten wir bei Agger Glamping auch [&hellip;]","og_url":"https:\/\/aggerglamping.dk\/vare\/luksus-pakken\/","og_site_name":"aggerglamping.dk","article_modified_time":"2024-08-21T10:28:26+00:00","og_image":[{"width":1440,"height":1800,"url":"https:\/\/aggerglamping.dk\/wp-content\/uploads\/2024\/07\/vesterhavet-glamping-telt.jpg","type":"image\/jpeg"}],"twitter_card":"summary_large_image","schema":{"@context":"https:\/\/schema.org","@graph":[{"@type":"WebPage","@id":"https:\/\/aggerglamping.dk\/vare\/luksus-pakken\/","url":"https:\/\/aggerglamping.dk\/vare\/luksus-pakken\/","name":"Das Luxuspaket | aggerglamping.dk","isPartOf":{"@id":"https:\/\/aggerglamping.dk\/#website"},"primaryImageOfPage":{"@id":"https:\/\/aggerglamping.dk\/vare\/luksus-pakken\/#primaryimage"},"image":{"@id":"https:\/\/aggerglamping.dk\/vare\/luksus-pakken\/#primaryimage"},"thumbnailUrl":"https:\/\/aggerglamping.dk\/wp-content\/uploads\/2024\/07\/vesterhavet-glamping-telt.jpg","datePublished":"2024-08-05T11:32:33+00:00","dateModified":"2024-08-21T10:28:26+00:00","breadcrumb":{"@id":"https:\/\/aggerglamping.dk\/vare\/luksus-pakken\/#breadcrumb"},"inLanguage":"de","potentialAction":[{"@type":"ReadAction","target":["https:\/\/aggerglamping.dk\/vare\/luksus-pakken\/"]}]},{"@type":"ImageObject","inLanguage":"de","@id":"https:\/\/aggerglamping.dk\/vare\/luksus-pakken\/#primaryimage","url":"https:\/\/aggerglamping.dk\/wp-content\/uploads\/2024\/07\/vesterhavet-glamping-telt.jpg","contentUrl":"https:\/\/aggerglamping.dk\/wp-content\/uploads\/2024\/07\/vesterhavet-glamping-telt.jpg","width":1440,"height":1800},{"@type":"BreadcrumbList","@id":"https:\/\/aggerglamping.dk\/vare\/luksus-pakken\/#breadcrumb","itemListElement":[{"@type":"ListItem","position":1,"name":"Hjem","item":"https:\/\/aggerglamping.dk\/de\/front\/"},{"@type":"ListItem","position":2,"name":"Gesch\u00e4ft","item":"https:\/\/aggerglamping.dk\/shop\/"},{"@type":"ListItem","position":3,"name":"Das Luxuspaket"}]},{"@type":"WebSite","@id":"https:\/\/aggerglamping.dk\/#website","url":"https:\/\/aggerglamping.dk\/","name":"aggerglamping.dk","description":"Agger Glamping","publisher":{"@id":"https:\/\/aggerglamping.dk\/#organization"},"potentialAction":[{"@type":"SearchAction","target":{"@type":"EntryPoint","urlTemplate":"https:\/\/aggerglamping.dk\/?s={search_term_string}"},"query-input":{"@type":"PropertyValueSpecification","valueRequired":true,"valueName":"search_term_string"}}],"inLanguage":"de"},{"@type":"Organization","@id":"https:\/\/aggerglamping.dk\/#organization","name":"aggerglamping.dk","url":"https:\/\/aggerglamping.dk\/","logo":{"@type":"ImageObject","inLanguage":"de","@id":"https:\/\/aggerglamping.dk\/#\/schema\/logo\/image\/","url":"https:\/\/aggerglamping.dk\/wp-content\/uploads\/2024\/01\/agger-glamping-logo.png","contentUrl":"https:\/\/aggerglamping.dk\/wp-content\/uploads\/2024\/01\/agger-glamping-logo.png","width":1340,"height":400,"caption":"aggerglamping.dk"},"image":{"@id":"https:\/\/aggerglamping.dk\/#\/schema\/logo\/image\/"}}]}},"_links":{"self":[{"href":"https:\/\/aggerglamping.dk\/de\/wp-json\/wp\/v2\/product\/1909","targetHints":{"allow":["GET"]}}],"collection":[{"href":"https:\/\/aggerglamping.dk\/de\/wp-json\/wp\/v2\/product"}],"about":[{"href":"https:\/\/aggerglamping.dk\/de\/wp-json\/wp\/v2\/types\/product"}],"replies":[{"embeddable":true,"href":"https:\/\/aggerglamping.dk\/de\/wp-json\/wp\/v2\/comments?post=1909"}],"wp:featuredmedia":[{"embeddable":true,"href":"https:\/\/aggerglamping.dk\/de\/wp-json\/wp\/v2\/media\/1333"}],"wp:attachment":[{"href":"https:\/\/aggerglamping.dk\/de\/wp-json\/wp\/v2\/media?parent=1909"}],"wp:term":[{"taxonomy":"product_brand","embeddable":true,"href":"https:\/\/aggerglamping.dk\/de\/wp-json\/wp\/v2\/product_brand?post=1909"},{"taxonomy":"product_cat","embeddable":true,"href":"https:\/\/aggerglamping.dk\/de\/wp-json\/wp\/v2\/product_cat?post=1909"},{"taxonomy":"product_tag","embeddable":true,"href":"https:\/\/aggerglamping.dk\/de\/wp-json\/wp\/v2\/product_tag?post=1909"}],"curies":[{"name":"wp","href":"https:\/\/api.w.org\/{rel}","templated":true}]}}